{"id":98,"date":"2020-12-19T10:53:47","date_gmt":"2020-12-19T09:53:47","guid":{"rendered":"http:\/\/www.eroed.at\/kontakt-3\/"},"modified":"2020-12-29T12:58:54","modified_gmt":"2020-12-29T11:58:54","slug":"kontakt-3","status":"publish","type":"page","link":"https:\/\/www.eroed.at\/en\/kontakt-3\/","title":{"rendered":"Contact"},"content":{"rendered":"<section class=\"u-clearfix u-image u-section-2\" id=\"sec-d9fd\">\n      <div class=\"u-clearfix u-sheet u-sheet-1\"><\/div>\n    <\/section>\n    <section class=\"u-clearfix u-section-3\" id=\"sec-5481\">\n      <div class=\"u-clearfix u-sheet u-sheet-1\">\n        <div class=\"u-clearfix u-expanded-width u-layout-wrap u-layout-wrap-1\">\n          <div class=\"u-layout\">\n            <div class=\"u-layout-row\">\n              <div class=\"u-container-style u-layout-cell u-left-cell u-size-30 u-layout-cell-1\">\n                <div class=\"u-container-layout u-valign-top u-container-layout-1\">\n                  <p class=\"u-text u-text-default u-text-1\"><b>Juliette Er\u00f6d<\/b>\n                    <br>Grinberg Practitioner<br>\n                    <br>Address:<br>Praxis Thelen<br>Sch\u00f6naugasse 8<br>A-8010 Graz<br>\n                    <br>E-Mail: juliette@eroed.at<br>Phone: +436507226344<br>\n                    <br>Information: The practice is on the 3rd floor with barrier free access. It can be reached by foot in around a minute from Jakominiplatz. There is access by car through the Grazbachgasse. In the house next door is a fee-based Apoca car-house. \n                  <\/p>\n                <\/div>\n              <\/div>\n              <div class=\"u-container-style u-layout-cell u-right-cell u-size-30 u-layout-cell-2\">\n                <div class=\"u-container-layout u-container-layout-2\">\n                  <img src=\"https:\/\/www.eroed.at\/wp-content\/uploads\/2020\/12\/mapKontakt.jpg\" alt=\"\" class=\"u-expanded-width u-image u-image-default u-image-1\" data-image-width=\"1062\" data-image-height=\"880\">\n                <\/div>\n              <\/div>\n            <\/div>\n          <\/div>\n        <\/div>\n      <\/div>\n    <\/section>\n    <section class=\"u-align-left u-clearfix u-section-4\" id=\"sec-cbed\">\n      <div class=\"u-clearfix u-sheet u-sheet-1\">\n        <div class=\"u-clearfix u-expanded-width u-layout-wrap u-layout-wrap-1\">\n          <div class=\"u-layout\">\n            <div class=\"u-layout-row\">\n              <div class=\"u-container-style u-layout-cell u-left-cell u-size-30 u-layout-cell-1\">\n                <div class=\"u-container-layout u-container-layout-1\">\n                  <img src=\"https:\/\/www.eroed.at\/wp-content\/uploads\/2020\/12\/102A0362.jpg\" alt=\"\" class=\"u-image u-image-default u-image-1\" data-image-width=\"5760\" data-image-height=\"3840\">\n                <\/div>\n              <\/div>\n              <div class=\"u-container-style u-layout-cell u-right-cell u-size-30 u-layout-cell-2\">\n                <div class=\"u-container-layout u-container-layout-2\">\n                  <img src=\"https:\/\/www.eroed.at\/wp-content\/uploads\/2020\/12\/praxis.jpg\" alt=\"\" class=\"u-image u-image-default u-image-2\" data-image-width=\"1600\" data-image-height=\"1067\">\n                <\/div>\n              <\/div>\n            <\/div>\n          <\/div>\n        <\/div>\n      <\/div>\n    <\/section>\n    <section class=\"u-clearfix u-section-5\" id=\"sec-533d\">\n      <div class=\"u-clearfix u-sheet u-sheet-1\">\n        <p class=\"u-text u-text-1\"><b>Disclaimer:&nbsp;<\/b>&nbsp;The Grinberg Method\u00ae is a methodology of attention that teaches through expanding and focusing body attention. It does not claim to heal, to be an alternative medicine, a massage therapy, or to be considered among the helping professions. It is not intended for persons suffering from conditions considered life threatening. Nor for those with conditions or serious illnesses that require medical or psychiatric attention. Moreover, it is not intended to be a substitute for any kind of required treatment. The method has no ideological or mystical basis and does not demand any particular lifestyle. \n        <\/p>\n      <\/div>\n    <\/section>","protected":false},"excerpt":{"rendered":"<p>Juliette Er\u00f6d K\u00f6rperarbeit nach Grinberg Adresse:Praxis ThelenSch\u00f6naugasse 8A-8010 Graz E-Mail: juliette@eroed.atTelefon: +436507226344 Information: Die Praxis liegt barrierefrei im 3. Stock. Sie ist eine Gehminute vom Jakominiplatz entfernt. Zufahrt \u00fcber Grazbachgasse. Im Nebenhaus befindet sich eine geb\u00fchrenpflichtige Apcoa Garage. Hinweis:&nbsp;&nbsp;Die Grinberg Methode\u00ae ist eine Methodik der Aufmerksamkeit, die durch die Erweiterung und Fokussierung der K\u00f6rperaufmerksamkeit lehrt.&nbsp;Sie &hellip; <a href=\"https:\/\/www.eroed.at\/en\/kontakt-3\/\" class=\"more-link\">Continue reading<span class=\"screen-reader-text\"> &#8222;Kontakt&#8220;<\/span><\/a><\/p>","protected":false},"author":1,"featured_media":0,"parent":0,"menu_order":4,"comment_status":"closed","ping_status":"closed","template":"","meta":[],"_links":{"self":[{"href":"https:\/\/www.eroed.at\/en\/wp-json\/wp\/v2\/pages\/98"}],"collection":[{"href":"https:\/\/www.eroed.at\/en\/wp-json\/wp\/v2\/pages"}],"about":[{"href":"https:\/\/www.eroed.at\/en\/wp-json\/wp\/v2\/types\/page"}],"author":[{"embeddable":true,"href":"https:\/\/www.eroed.at\/en\/wp-json\/wp\/v2\/users\/1"}],"replies":[{"embeddable":true,"href":"https:\/\/www.eroed.at\/en\/wp-json\/wp\/v2\/comments?post=98"}],"version-history":[{"count":2,"href":"https:\/\/www.eroed.at\/en\/wp-json\/wp\/v2\/pages\/98\/revisions"}],"predecessor-version":[{"id":119,"href":"https:\/\/www.eroed.at\/en\/wp-json\/wp\/v2\/pages\/98\/revisions\/119"}],"wp:attachment":[{"href":"https:\/\/www.eroed.at\/en\/wp-json\/wp\/v2\/media?parent=98"}],"curies":[{"name":"wp","href":"https:\/\/api.w.org\/{rel}","templated":true}]}}